{"id":1102,"date":"2019-06-05T12:05:37","date_gmt":"2019-06-05T10:05:37","guid":{"rendered":"http:\/\/utegestioncangas.com\/medio-ambiente\/"},"modified":"2020-12-23T15:38:50","modified_gmt":"2020-12-23T14:38:50","slug":"medio-ambiente","status":"publish","type":"page","link":"https:\/\/utegestioncangas.com\/es\/medio-ambiente\/","title":{"rendered":"Medio ambiente"},"content":{"rendered":"\t\t<div data-elementor-type=\"wp-post\" data-elementor-id=\"1102\" class=\"elementor elementor-1102 elementor-708\">\n\t\t\t\t\t\t<section class=\"elementor-section elementor-top-section elementor-element elementor-element-e329830 elementor-section-full_width animated-fast elementor-section-height-min-height elementor-section-height-default elementor-section-items-middle elementor-invisible\" data-id=\"e329830\" data-element_type=\"section\" data-settings=\"{&quot;jet_parallax_layout_list&quot;:[{&quot;_id&quot;:&quot;077505a&quot;,&quot;jet_parallax_layout_speed&quot;:{&quot;unit&quot;:&quot;{ba9d8a0f5ed3a89747c0fe29221ca84939aedd6bff773134aa0d93376e0ed5cb}&quot;,&quot;size&quot;:66,&quot;sizes&quot;:[]},&quot;jet_parallax_layout_bg_x&quot;:&quot;&quot;,&quot;jet_parallax_layout_bg_y&quot;:150,&quot;jet_parallax_layout_bg_size&quot;:&quot;cover&quot;,&quot;jet_parallax_layout_animation_prop&quot;:&quot;bgposition&quot;,&quot;jet_parallax_layout_image&quot;:{&quot;url&quot;:&quot;&quot;,&quot;id&quot;:&quot;&quot;,&quot;size&quot;:&quot;&quot;},&quot;jet_parallax_layout_image_tablet&quot;:{&quot;url&quot;:&quot;&quot;,&quot;id&quot;:&quot;&quot;,&quot;size&quot;:&quot;&quot;},&quot;jet_parallax_layout_image_mobile&quot;:{&quot;url&quot;:&quot;&quot;,&quot;id&quot;:&quot;&quot;,&quot;size&quot;:&quot;&quot;},&quot;jet_parallax_layout_type&quot;:&quot;scroll&quot;,&quot;jet_parallax_layout_direction&quot;:null,&quot;jet_parallax_layout_fx_direction&quot;:null,&quot;jet_parallax_layout_z_index&quot;:&quot;&quot;,&quot;jet_parallax_layout_bg_x_tablet&quot;:&quot;&quot;,&quot;jet_parallax_layout_bg_x_mobile&quot;:&quot;&quot;,&quot;jet_parallax_layout_bg_y_tablet&quot;:&quot;&quot;,&quot;jet_parallax_layout_bg_y_mobile&quot;:&quot;&quot;,&quot;jet_parallax_layout_bg_size_tablet&quot;:&quot;&quot;,&quot;jet_parallax_layout_bg_size_mobile&quot;:&quot;&quot;,&quot;jet_parallax_layout_on&quot;:[&quot;desktop&quot;,&quot;tablet&quot;]}],&quot;background_background&quot;:&quot;classic&quot;,&quot;animation&quot;:&quot;slideInUp&quot;,&quot;animation_delay&quot;:0.6}\">\n\t\t\t\t\t\t\t<div class=\"elementor-background-overlay\"><\/div>\n\t\t\t\t\t\t\t<div class=\"elementor-container elementor-column-gap-default\">\n\t\t\t\t\t<div class=\"elementor-column elementor-col-100 elementor-top-column elementor-element elementor-element-2f1d773\" data-id=\"2f1d773\" data-element_type=\"column\">\n\t\t\t<div class=\"elementor-widget-wrap elementor-element-populated\">\n\t\t\t\t\t\t<div class=\"elementor-element elementor-element-c7d8bfb elementor-align-center elementor-widget elementor-widget-raven-heading\" data-id=\"c7d8bfb\" data-element_type=\"widget\" data-widget_type=\"raven-heading.default\">\n\t\t\t\t<div class=\"elementor-widget-container\">\n\t\t\t\t\t\t\t<div class=\"raven-widget-wrapper\"><h2 class=\"raven-heading raven-heading-h2\"><span class=\"raven-heading-title \">MEDIO AMBIENTE<\/span><\/h2><\/div>\n\t\t\t\t\t\t<\/div>\n\t\t\t\t<\/div>\n\t\t\t\t\t<\/div>\n\t\t<\/div>\n\t\t\t\t\t<\/div>\n\t\t<\/section>\n\t\t\t\t<section class=\"elementor-section elementor-top-section elementor-element elementor-element-5e59d3e elementor-section-boxed elementor-section-height-default elementor-section-height-default\" data-id=\"5e59d3e\" data-element_type=\"section\" data-settings=\"{&quot;jet_parallax_layout_list&quot;:[{&quot;jet_parallax_layout_image&quot;:{&quot;url&quot;:&quot;&quot;,&quot;id&quot;:&quot;&quot;,&quot;size&quot;:&quot;&quot;},&quot;_id&quot;:&quot;2ebde8b&quot;,&quot;jet_parallax_layout_speed&quot;:{&quot;unit&quot;:&quot;{ba9d8a0f5ed3a89747c0fe29221ca84939aedd6bff773134aa0d93376e0ed5cb}&quot;,&quot;size&quot;:50,&quot;sizes&quot;:[]},&quot;jet_parallax_layout_image_tablet&quot;:{&quot;url&quot;:&quot;&quot;,&quot;id&quot;:&quot;&quot;,&quot;size&quot;:&quot;&quot;},&quot;jet_parallax_layout_image_mobile&quot;:{&quot;url&quot;:&quot;&quot;,&quot;id&quot;:&quot;&quot;,&quot;size&quot;:&quot;&quot;},&quot;jet_parallax_layout_type&quot;:&quot;scroll&quot;,&quot;jet_parallax_layout_direction&quot;:null,&quot;jet_parallax_layout_fx_direction&quot;:null,&quot;jet_parallax_layout_z_index&quot;:&quot;&quot;,&quot;jet_parallax_layout_bg_x&quot;:50,&quot;jet_parallax_layout_bg_x_tablet&quot;:&quot;&quot;,&quot;jet_parallax_layout_bg_x_mobile&quot;:&quot;&quot;,&quot;jet_parallax_layout_bg_y&quot;:50,&quot;jet_parallax_layout_bg_y_tablet&quot;:&quot;&quot;,&quot;jet_parallax_layout_bg_y_mobile&quot;:&quot;&quot;,&quot;jet_parallax_layout_bg_size&quot;:&quot;auto&quot;,&quot;jet_parallax_layout_bg_size_tablet&quot;:&quot;&quot;,&quot;jet_parallax_layout_bg_size_mobile&quot;:&quot;&quot;,&quot;jet_parallax_layout_animation_prop&quot;:&quot;transform&quot;,&quot;jet_parallax_layout_on&quot;:[&quot;desktop&quot;,&quot;tablet&quot;]}]}\">\n\t\t\t\t\t\t<div class=\"elementor-container elementor-column-gap-default\">\n\t\t\t\t\t<div class=\"elementor-column elementor-col-50 elementor-top-column elementor-element elementor-element-b0c0dfb\" data-id=\"b0c0dfb\" data-element_type=\"column\">\n\t\t\t<div class=\"elementor-widget-wrap elementor-element-populated\">\n\t\t\t\t\t\t<div class=\"elementor-element elementor-element-7f608f6 elementor-widget elementor-widget-text-editor\" data-id=\"7f608f6\" data-element_type=\"widget\" data-widget_type=\"text-editor.default\">\n\t\t\t\t<div class=\"elementor-widget-container\">\n\t\t\t\t\t\t\t\t\t<p>Nos comprometemos con la preservaci\u00f3n del medio ambiente y con una gesti\u00f3n responsable.<\/p>\n<h3><\/h3>\n<h3><span style=\"color: #005599;\"><strong>Auditamos<\/strong><\/span><\/h3>\n<p>La gesti\u00f3n de las aguas de Cangas sigue el sistema de calidad de las acreditaciones ISO de FCC Aqualia y se somete a auditor\u00edas externas peri\u00f3dicas y autodiagn\u00f3sticos ambientales de residuos.<\/p>\n<h3><\/h3>\n<h3><span style=\"color: #005599;\"><strong>Concienciamos<\/strong><\/span><\/h3>\n<p>Para un riesgo ambiental m\u00ednimo, realizamos jornadas de sensibilizaci\u00f3n para el personal. Contamos con un sistema de gesti\u00f3n medioambiental para identificar espacios protegidos en nuestra \u00e1rea de influencia y nos ocupamos de su mantenimiento.<\/p>\n<h3><\/h3>\n<h3><span style=\"color: #005599;\"><strong>Prevenimos<\/strong><\/span><\/h3>\n<p>Identificamos posibles riesgos y amenazas medioambientales con revisiones anuales de nuestras instalaciones. Evaluamos su impacto, probabilidad y severidad y contamos con planes de tratamiento para evitar que se materialicen. En 2018 el 96,3% de las amenazas identificadas fueron de bajo riesgo. Realizamos controles semestrales de gesti\u00f3n de res\u00edduos, evitamos riesgos para terceros mediante revisiones, limpiezas y un mantenimiento peri\u00f3dico, y realizamos estudios anuales de ruido ambiental.<\/p>\n\t\t\t\t\t\t\t\t<\/div>\n\t\t\t\t<\/div>\n\t\t\t\t\t<\/div>\n\t\t<\/div>\n\t\t\t\t<div class=\"elementor-column elementor-col-50 elementor-top-column elementor-element elementor-element-51f4994\" data-id=\"51f4994\" data-element_type=\"column\" data-settings=\"{&quot;background_background&quot;:&quot;classic&quot;}\">\n\t\t\t<div class=\"elementor-widget-wrap elementor-element-populated\">\n\t\t\t\t\t<div class=\"elementor-background-overlay\"><\/div>\n\t\t\t\t\t\t\t<\/div>\n\t\t<\/div>\n\t\t\t\t\t<\/div>\n\t\t<\/section>\n\t\t\t\t<section class=\"elementor-section elementor-top-section elementor-element elementor-element-c2cf513 elementor-section-boxed elementor-section-height-default elementor-section-height-default\" data-id=\"c2cf513\" data-element_type=\"section\" data-settings=\"{&quot;jet_parallax_layout_list&quot;:[{&quot;jet_parallax_layout_image&quot;:{&quot;url&quot;:&quot;&quot;,&quot;id&quot;:&quot;&quot;,&quot;size&quot;:&quot;&quot;},&quot;_id&quot;:&quot;0a7aad5&quot;,&quot;jet_parallax_layout_image_tablet&quot;:{&quot;url&quot;:&quot;&quot;,&quot;id&quot;:&quot;&quot;,&quot;size&quot;:&quot;&quot;},&quot;jet_parallax_layout_image_mobile&quot;:{&quot;url&quot;:&quot;&quot;,&quot;id&quot;:&quot;&quot;,&quot;size&quot;:&quot;&quot;},&quot;jet_parallax_layout_speed&quot;:{&quot;unit&quot;:&quot;%&quot;,&quot;size&quot;:50,&quot;sizes&quot;:[]},&quot;jet_parallax_layout_type&quot;:&quot;scroll&quot;,&quot;jet_parallax_layout_direction&quot;:null,&quot;jet_parallax_layout_fx_direction&quot;:null,&quot;jet_parallax_layout_z_index&quot;:&quot;&quot;,&quot;jet_parallax_layout_bg_x&quot;:50,&quot;jet_parallax_layout_bg_x_tablet&quot;:&quot;&quot;,&quot;jet_parallax_layout_bg_x_mobile&quot;:&quot;&quot;,&quot;jet_parallax_layout_bg_y&quot;:50,&quot;jet_parallax_layout_bg_y_tablet&quot;:&quot;&quot;,&quot;jet_parallax_layout_bg_y_mobile&quot;:&quot;&quot;,&quot;jet_parallax_layout_bg_size&quot;:&quot;auto&quot;,&quot;jet_parallax_layout_bg_size_tablet&quot;:&quot;&quot;,&quot;jet_parallax_layout_bg_size_mobile&quot;:&quot;&quot;,&quot;jet_parallax_layout_animation_prop&quot;:&quot;transform&quot;,&quot;jet_parallax_layout_on&quot;:[&quot;desktop&quot;,&quot;tablet&quot;]}],&quot;background_background&quot;:&quot;classic&quot;}\">\n\t\t\t\t\t\t<div class=\"elementor-container elementor-column-gap-default\">\n\t\t\t\t\t<div class=\"elementor-column elementor-col-100 elementor-top-column elementor-element elementor-element-67cb62c\" data-id=\"67cb62c\" data-element_type=\"column\">\n\t\t\t<div class=\"elementor-widget-wrap elementor-element-populated\">\n\t\t\t\t\t\t<div class=\"elementor-element elementor-element-2c2b8bc elementor-widget elementor-widget-raven-posts-carousel\" data-id=\"2c2b8bc\" data-element_type=\"widget\" data-settings=\"{&quot;_skin&quot;:&quot;classic&quot;,&quot;query_posts_per_page&quot;:10,&quot;classic_slides_view&quot;:&quot;3&quot;,&quot;classic_slides_view_tablet&quot;:&quot;2&quot;,&quot;classic_slides_view_mobile&quot;:&quot;1&quot;,&quot;classic_slides_scroll&quot;:&quot;1&quot;,&quot;classic_slides_scroll_tablet&quot;:&quot;1&quot;,&quot;classic_slides_scroll_mobile&quot;:&quot;1&quot;,&quot;classic_transition_speed&quot;:500,&quot;classic_enable_infinite_loop&quot;:&quot;yes&quot;,&quot;classic_show_arrows&quot;:&quot;yes&quot;,&quot;query_offset&quot;:0,&quot;classic_columns_space_between&quot;:{&quot;unit&quot;:&quot;px&quot;,&quot;size&quot;:30,&quot;sizes&quot;:[]},&quot;classic_columns_space_between_tablet&quot;:{&quot;unit&quot;:&quot;px&quot;,&quot;size&quot;:20,&quot;sizes&quot;:[]},&quot;classic_columns_space_between_mobile&quot;:{&quot;unit&quot;:&quot;px&quot;,&quot;size&quot;:10,&quot;sizes&quot;:[]}}\" data-widget_type=\"raven-posts-carousel.classic\">\n\t\t\t\t<div class=\"elementor-widget-container\">\n\t\t\t\t\t\t\t<div class=\"raven-posts-carousel raven-swiper-slider\">\n\t\t\t<div class=\"raven-posts-carousel-swiper-container swiper\">\n\t\t\t\t<div class=\"swiper-wrapper swiper-columns-3\" data-swiper='{&quot;rtl&quot;:false}'>\n\t\t\n\t\t<div class=\"swiper-slide\">\n\t\t\t<div class=\"raven-post-wrapper\">\n\t\t\t\t<div class=\"raven-post\">\n\t\t\t\t\t\t\t<div class=\"raven-post-image-wrap\">\n\t\t\t<a class=\"raven-post-image raven-image-fit\"  href=https:\/\/utegestioncangas.com\/es\/una-proteccion-medioambiental-de-notable\/><img fetchpriority=\"high\" decoding=\"async\" width=\"1024\" height=\"684\" src=\"https:\/\/utegestioncangas.com\/wp-content\/uploads\/2019\/06\/nova-medioambiente-slider-1024x684.jpg\" class=\"attachment-large size-large wp-image-1295\" alt=\"\" srcset=\"https:\/\/utegestioncangas.com\/wp-content\/uploads\/2019\/06\/nova-medioambiente-slider-1024x684.jpg 1024w, https:\/\/utegestioncangas.com\/wp-content\/uploads\/2019\/06\/nova-medioambiente-slider-300x200.jpg 300w, https:\/\/utegestioncangas.com\/wp-content\/uploads\/2019\/06\/nova-medioambiente-slider-768x513.jpg 768w, https:\/\/utegestioncangas.com\/wp-content\/uploads\/2019\/06\/nova-medioambiente-slider.jpg 1700w\" sizes=\"(max-width: 1024px) 100vw, 1024px\" \/> <span class=\"raven-post-image-overlay\"><\/span><\/a>\t\t<\/div>\n\t\t\n\t\t\t\t\t<div class=\"raven-post-content\">\n\t\t\t\t\t\t<h3 class=\"raven-post-title\"><a class=\"raven-post-title-link\" href=\"https:\/\/utegestioncangas.com\/es\/una-proteccion-medioambiental-de-notable\/\">Una protecci\u00f3n medioambiental de notable<\/a><\/h3>\t\t<div class=\"raven-post-meta\"><a class=\"raven-post-meta-item raven-post-date\" href=\"https:\/\/utegestioncangas.com\/es\/2019\/06\/\" rel=\"bookmark\">junio 24, 2019<\/a><\/div>\n\t\t<div class=\"raven-post-excerpt\">El respeto por el medio ambiente y la convivencia con el entorno natural de Cangas es una de las cuestiones m\u00e1s importantes para el desarrollo de la actividad de la UTE Gesti\u00f3n Cangas.<\/div>\t\t<div class=\"raven-post-read-more\">\n\t\t\t<a class=\"raven-post-button\" href=\"https:\/\/utegestioncangas.com\/es\/una-proteccion-medioambiental-de-notable\/\"><span class=\"raven-post-button-text\">Leer m\u00e1s<\/span><\/a>\n\t\t<\/div>\n\t\t\t\t\t\t\t<\/div>\n\t\t\t\t<\/div>\n\t\t\t<\/div>\n\t\t<\/div>\n\t\t\t\t\t\t<\/div>\n\t\t<div class=\"swiper-pagination swiper-pager-outside bullets-pagination-type\"><\/div>\n\t\t<\/div>\n\n\t\t\t\t\t\t\t<div class=\"swiper-button-prev\"><\/div>\n\t\t\t\t<div class=\"swiper-button-next\"><\/div>\n\t\t\t\n\t\t<\/div>\n\t\t\t\t\t\t<\/div>\n\t\t\t\t<\/div>\n\t\t\t\t\t<\/div>\n\t\t<\/div>\n\t\t\t\t\t<\/div>\n\t\t<\/section>\n\t\t\t\t<\/div>\n\t\t","protected":false},"excerpt":{"rendered":"<p>MEDIO AMBIENTE Nos comprometemos con la preservaci\u00f3n del medio ambiente y con una gesti\u00f3n responsable. Auditamos La gesti\u00f3n de las aguas de Cangas sigue el sistema de calidad de las acreditaciones ISO de FCC Aqualia y se somete a auditor\u00edas externas peri\u00f3dicas y autodiagn\u00f3sticos ambientales de residuos. Concienciamos Para un riesgo ambiental m\u00ednimo, realizamos jornadas [&hellip;]<\/p>\n","protected":false},"author":7,"featured_media":0,"parent":0,"menu_order":0,"comment_status":"closed","ping_status":"closed","template":"elementor_header_footer","meta":{"_acf_changed":false,"_exactmetrics_skip_tracking":false,"_exactmetrics_sitenote_active":false,"_exactmetrics_sitenote_note":"","_exactmetrics_sitenote_category":0,"iawp_total_views":78,"footnotes":""},"class_list":["post-1102","page","type-page","status-publish","hentry"],"acf":[],"yoast_head":"<!-- This site is optimized with the Yoast SEO plugin v24.5 - https:\/\/yoast.com\/wordpress\/plugins\/seo\/ -->\n<title>Medio ambiente<\/title>\n<meta name=\"description\" content=\"Nos comprometemos con la preservaci\u00f3n del medio ambiente y con una gesti\u00f3n responsable.\" \/>\n<meta name=\"robots\" content=\"index, follow, max-snippet:-1, max-image-preview:large, max-video-preview:-1\" \/>\n<link rel=\"canonical\" href=\"https:\/\/utegestioncangas.com\/es\/medio-ambiente\/\" \/>\n<meta property=\"og:locale\" content=\"es_ES\" \/>\n<meta property=\"og:type\" content=\"article\" \/>\n<meta property=\"og:title\" content=\"Medio ambiente\" \/>\n<meta property=\"og:description\" content=\"Nos comprometemos con la preservaci\u00f3n del medio ambiente y con una gesti\u00f3n responsable.\" \/>\n<meta property=\"og:url\" content=\"https:\/\/utegestioncangas.com\/es\/medio-ambiente\/\" \/>\n<meta property=\"og:site_name\" content=\"UTE Gesti\u00f3n Cangas\" \/>\n<meta property=\"article:modified_time\" content=\"2020-12-23T14:38:50+00:00\" \/>\n<meta property=\"og:image\" content=\"http:\/\/utegestioncangas.com\/wp-content\/uploads\/2019\/06\/nova-medioambiente-slider-1024x684.jpg\" \/>\n<meta name=\"twitter:card\" content=\"summary_large_image\" \/>\n<meta name=\"twitter:label1\" content=\"Tiempo de lectura\" \/>\n\t<meta name=\"twitter:data1\" content=\"1 minuto\" \/>\n<script type=\"application\/ld+json\" class=\"yoast-schema-graph\">{\"@context\":\"https:\/\/schema.org\",\"@graph\":[{\"@type\":\"WebPage\",\"@id\":\"https:\/\/utegestioncangas.com\/es\/medio-ambiente\/\",\"url\":\"https:\/\/utegestioncangas.com\/es\/medio-ambiente\/\",\"name\":\"Medio ambiente\",\"isPartOf\":{\"@id\":\"https:\/\/utegestioncangas.com\/es\/#website\"},\"primaryImageOfPage\":{\"@id\":\"https:\/\/utegestioncangas.com\/es\/medio-ambiente\/#primaryimage\"},\"image\":{\"@id\":\"https:\/\/utegestioncangas.com\/es\/medio-ambiente\/#primaryimage\"},\"thumbnailUrl\":\"http:\/\/utegestioncangas.com\/wp-content\/uploads\/2019\/06\/nova-medioambiente-slider-1024x684.jpg\",\"datePublished\":\"2019-06-05T10:05:37+00:00\",\"dateModified\":\"2020-12-23T14:38:50+00:00\",\"description\":\"Nos comprometemos con la preservaci\u00f3n del medio ambiente y con una gesti\u00f3n responsable.\",\"breadcrumb\":{\"@id\":\"https:\/\/utegestioncangas.com\/es\/medio-ambiente\/#breadcrumb\"},\"inLanguage\":\"es\",\"potentialAction\":[{\"@type\":\"ReadAction\",\"target\":[\"https:\/\/utegestioncangas.com\/es\/medio-ambiente\/\"]}]},{\"@type\":\"ImageObject\",\"inLanguage\":\"es\",\"@id\":\"https:\/\/utegestioncangas.com\/es\/medio-ambiente\/#primaryimage\",\"url\":\"http:\/\/utegestioncangas.com\/wp-content\/uploads\/2019\/06\/nova-medioambiente-slider-1024x684.jpg\",\"contentUrl\":\"http:\/\/utegestioncangas.com\/wp-content\/uploads\/2019\/06\/nova-medioambiente-slider-1024x684.jpg\"},{\"@type\":\"BreadcrumbList\",\"@id\":\"https:\/\/utegestioncangas.com\/es\/medio-ambiente\/#breadcrumb\",\"itemListElement\":[{\"@type\":\"ListItem\",\"position\":1,\"name\":\"Portada\",\"item\":\"https:\/\/utegestioncangas.com\/es\/\"},{\"@type\":\"ListItem\",\"position\":2,\"name\":\"Medio ambiente\"}]},{\"@type\":\"WebSite\",\"@id\":\"https:\/\/utegestioncangas.com\/es\/#website\",\"url\":\"https:\/\/utegestioncangas.com\/es\/\",\"name\":\"UTE Gesti\u00f3n Cangas\",\"description\":\"UTE Gesti\u00f3n Cangas\",\"publisher\":{\"@id\":\"https:\/\/utegestioncangas.com\/es\/#organization\"},\"potentialAction\":[{\"@type\":\"SearchAction\",\"target\":{\"@type\":\"EntryPoint\",\"urlTemplate\":\"https:\/\/utegestioncangas.com\/es\/?s={search_term_string}\"},\"query-input\":{\"@type\":\"PropertyValueSpecification\",\"valueRequired\":true,\"valueName\":\"search_term_string\"}}],\"inLanguage\":\"es\"},{\"@type\":\"Organization\",\"@id\":\"https:\/\/utegestioncangas.com\/es\/#organization\",\"name\":\"UTE Gesti\u00f3n Cangas\",\"url\":\"https:\/\/utegestioncangas.com\/es\/\",\"logo\":{\"@type\":\"ImageObject\",\"inLanguage\":\"es\",\"@id\":\"https:\/\/utegestioncangas.com\/es\/#\/schema\/logo\/image\/\",\"url\":\"http:\/\/utegestioncangas.com\/wp-content\/uploads\/2019\/06\/ute-retina.png\",\"contentUrl\":\"http:\/\/utegestioncangas.com\/wp-content\/uploads\/2019\/06\/ute-retina.png\",\"width\":484,\"height\":100,\"caption\":\"UTE Gesti\u00f3n Cangas\"},\"image\":{\"@id\":\"https:\/\/utegestioncangas.com\/es\/#\/schema\/logo\/image\/\"}}]}<\/script>\n<!-- \/ Yoast SEO plugin. -->","yoast_head_json":{"title":"Medio ambiente","description":"Nos comprometemos con la preservaci\u00f3n del medio ambiente y con una gesti\u00f3n responsable.","robots":{"index":"index","follow":"follow","max-snippet":"max-snippet:-1","max-image-preview":"max-image-preview:large","max-video-preview":"max-video-preview:-1"},"canonical":"https:\/\/utegestioncangas.com\/es\/medio-ambiente\/","og_locale":"es_ES","og_type":"article","og_title":"Medio ambiente","og_description":"Nos comprometemos con la preservaci\u00f3n del medio ambiente y con una gesti\u00f3n responsable.","og_url":"https:\/\/utegestioncangas.com\/es\/medio-ambiente\/","og_site_name":"UTE Gesti\u00f3n Cangas","article_modified_time":"2020-12-23T14:38:50+00:00","og_image":[{"url":"http:\/\/utegestioncangas.com\/wp-content\/uploads\/2019\/06\/nova-medioambiente-slider-1024x684.jpg","type":"","width":"","height":""}],"twitter_card":"summary_large_image","twitter_misc":{"Tiempo de lectura":"1 minuto"},"schema":{"@context":"https:\/\/schema.org","@graph":[{"@type":"WebPage","@id":"https:\/\/utegestioncangas.com\/es\/medio-ambiente\/","url":"https:\/\/utegestioncangas.com\/es\/medio-ambiente\/","name":"Medio ambiente","isPartOf":{"@id":"https:\/\/utegestioncangas.com\/es\/#website"},"primaryImageOfPage":{"@id":"https:\/\/utegestioncangas.com\/es\/medio-ambiente\/#primaryimage"},"image":{"@id":"https:\/\/utegestioncangas.com\/es\/medio-ambiente\/#primaryimage"},"thumbnailUrl":"http:\/\/utegestioncangas.com\/wp-content\/uploads\/2019\/06\/nova-medioambiente-slider-1024x684.jpg","datePublished":"2019-06-05T10:05:37+00:00","dateModified":"2020-12-23T14:38:50+00:00","description":"Nos comprometemos con la preservaci\u00f3n del medio ambiente y con una gesti\u00f3n responsable.","breadcrumb":{"@id":"https:\/\/utegestioncangas.com\/es\/medio-ambiente\/#breadcrumb"},"inLanguage":"es","potentialAction":[{"@type":"ReadAction","target":["https:\/\/utegestioncangas.com\/es\/medio-ambiente\/"]}]},{"@type":"ImageObject","inLanguage":"es","@id":"https:\/\/utegestioncangas.com\/es\/medio-ambiente\/#primaryimage","url":"http:\/\/utegestioncangas.com\/wp-content\/uploads\/2019\/06\/nova-medioambiente-slider-1024x684.jpg","contentUrl":"http:\/\/utegestioncangas.com\/wp-content\/uploads\/2019\/06\/nova-medioambiente-slider-1024x684.jpg"},{"@type":"BreadcrumbList","@id":"https:\/\/utegestioncangas.com\/es\/medio-ambiente\/#breadcrumb","itemListElement":[{"@type":"ListItem","position":1,"name":"Portada","item":"https:\/\/utegestioncangas.com\/es\/"},{"@type":"ListItem","position":2,"name":"Medio ambiente"}]},{"@type":"WebSite","@id":"https:\/\/utegestioncangas.com\/es\/#website","url":"https:\/\/utegestioncangas.com\/es\/","name":"UTE Gesti\u00f3n Cangas","description":"UTE Gesti\u00f3n Cangas","publisher":{"@id":"https:\/\/utegestioncangas.com\/es\/#organization"},"potentialAction":[{"@type":"SearchAction","target":{"@type":"EntryPoint","urlTemplate":"https:\/\/utegestioncangas.com\/es\/?s={search_term_string}"},"query-input":{"@type":"PropertyValueSpecification","valueRequired":true,"valueName":"search_term_string"}}],"inLanguage":"es"},{"@type":"Organization","@id":"https:\/\/utegestioncangas.com\/es\/#organization","name":"UTE Gesti\u00f3n Cangas","url":"https:\/\/utegestioncangas.com\/es\/","logo":{"@type":"ImageObject","inLanguage":"es","@id":"https:\/\/utegestioncangas.com\/es\/#\/schema\/logo\/image\/","url":"http:\/\/utegestioncangas.com\/wp-content\/uploads\/2019\/06\/ute-retina.png","contentUrl":"http:\/\/utegestioncangas.com\/wp-content\/uploads\/2019\/06\/ute-retina.png","width":484,"height":100,"caption":"UTE Gesti\u00f3n Cangas"},"image":{"@id":"https:\/\/utegestioncangas.com\/es\/#\/schema\/logo\/image\/"}}]}},"_links":{"self":[{"href":"https:\/\/utegestioncangas.com\/es\/wp-json\/wp\/v2\/pages\/1102","targetHints":{"allow":["GET"]}}],"collection":[{"href":"https:\/\/utegestioncangas.com\/es\/wp-json\/wp\/v2\/pages"}],"about":[{"href":"https:\/\/utegestioncangas.com\/es\/wp-json\/wp\/v2\/types\/page"}],"author":[{"embeddable":true,"href":"https:\/\/utegestioncangas.com\/es\/wp-json\/wp\/v2\/users\/7"}],"replies":[{"embeddable":true,"href":"https:\/\/utegestioncangas.com\/es\/wp-json\/wp\/v2\/comments?post=1102"}],"version-history":[{"count":0,"href":"https:\/\/utegestioncangas.com\/es\/wp-json\/wp\/v2\/pages\/1102\/revisions"}],"wp:attachment":[{"href":"https:\/\/utegestioncangas.com\/es\/wp-json\/wp\/v2\/media?parent=1102"}],"curies":[{"name":"wp","href":"https:\/\/api.w.org\/{rel}","templated":true}]}}