{"id":1611,"date":"2019-10-18T20:24:56","date_gmt":"2019-10-18T18:24:56","guid":{"rendered":"http:\/\/utegestioncangas.com\/avisos-legais\/"},"modified":"2020-01-18T13:25:10","modified_gmt":"2020-01-18T12:25:10","slug":"avisos-legais","status":"publish","type":"page","link":"https:\/\/utegestioncangas.com\/es\/avisos-legais\/","title":{"rendered":"Aviso legal"},"content":{"rendered":"<p><strong>Responsable de este sitio web<\/strong><\/p>\n<p>Denominaci\u00f3n social: FCC AQUALIA SA Y CIVIS GLOBAL SL UTE GESTION DE CANGAS LEY 18\/1982<\/p>\n<p>CIF: U-27808914<\/p>\n<p>Domicilio social: CALLE PUERTO RICO, 18 &#8211; OF 7 ; 36204 Vigo (Pontevedra)<\/p>\n<p>Direcci\u00f3n de correo electr\u00f3nico: utegestioncangas@fcc.es<\/p>\n<p>Registro Mercantil de Madrid, tomo 17248, libro 0, folio 130, secci\u00f3n 8, hoja n\u00famero M-58878, inscripci\u00f3n 369\u00aa<\/p>\n<p>&nbsp;<\/p>\n<p>&nbsp;<\/p>\n<p><strong>DERECHOS DE AUTOR Y CONTENIDOS WEB<\/strong><\/p>\n<p>Los contenidos literarios del Sitio Web se encuentran registrados y se ofrecen bajo la licencia que se indique en el pie de la p\u00e1gina. Se except\u00faan de esta licencia todos los contenidos no literarios, aquellos sobre los que se indique otra licencia aplicable, los signos distintivos (marcas, nombres comerciales, etc.) y la plantilla de esta web, cuyos derechos pertenecen a su autor o autores.<\/p>\n<p>El Sitio Web contiene textos elaborados con fines meramente informativos o divulgativos que se refieren a situaciones generales por lo que su contenido no puede ser aplicado nunca por el usuario a casos concretos. Las opiniones vertidas en los mismos no reflejan necesariamente los puntos de vista de la UTE Gesti\u00f3n Cangas. El contenido de los art\u00edculos publicados en este Sitio Web no puede ser considerado, en ning\u00fan caso, sustitutivo de asesoramiento profesional. El usuario no debe actuar sobre la base de la informaci\u00f3n contenida en este Sitio Web sin recurrir previamente al correspondiente asesoramiento profesional.<\/p>\n<p>Los enlaces externos que contiene este Sitio Web conducen a sitios gestionados por terceros. La UTE Gesti\u00f3n Cangas no responde de los contenidos ni del estado de dichos sitios. El uso de enlaces externos tampoco implica que la UTE Gesti\u00f3n Cangas recomiende o apruebe los contenidos de las p\u00e1ginas de destino.<\/p>\n<p><strong>\u00a0<\/strong><\/p>\n<p><strong>POL\u00cdTICA DE PRIVACIDAD<\/strong><\/p>\n<p>Cuando sea necesario que el Usuario se registre o facilite datos personales (entre otros supuestos, para acceder a servicios; solicitar informaci\u00f3n; adquirir productos; remitir consultas, quejas o solicitudes de contrataci\u00f3n; enviar curr\u00edculum vitae), la recogida y el tratamiento de los datos personales se llevar\u00e1 a cabo de conformidad y en cumplimiento con los principios recogidos en la Ley Org\u00e1nica 3\/2018, de 5 de diciembre, de Protecci\u00f3n de Datos Personales y Garant\u00eda de los Derechos Digitales, as\u00ed como el Reglamento UE 2016\/679 del Parlamento Europeo y del Consejo, de 27 de abril de 2016, relativo a la protecci\u00f3n de las personas f\u00edsicas en lo que respecta al tratamiento de datos personales y a la libre circulaci\u00f3n de estos datos (\u201cRGPD\u201d).<\/p>\n<p>El Responsable del tratamiento es la UTE Gesti\u00f3n Cangas, cuya direcci\u00f3n postal, a efectos de protecci\u00f3n de datos personales, se encuentra en Av. Camino de Santiago, 40, 28050 de Madrid.<\/p>\n<p>Los datos personales proporcionados se conservar\u00e1n por el plazo estrictamente necesario para el cumplimiento de las citadas finalidades y determinado en base los siguientes criterios: (i) obligaci\u00f3n legal de conservaci\u00f3n; (ii) duraci\u00f3n de la relaci\u00f3n contractual y atenci\u00f3n de cualesquiera responsabilidades derivadas de dicha relaci\u00f3n; y, (iii) solicitud de supresi\u00f3n por parte del interesado en los supuestos en los que proceda. En todo caso, respecto a la finalidad del tratamiento de procesos de selecci\u00f3n de personal, los datos ser\u00e1n conservados durante el plazo de doce meses si desde el momento de la puesta a disposici\u00f3n por parte del Usuario candidato de su curr\u00edculum, su candidatura no resulta elegida para la participaci\u00f3n en ning\u00fan proceso de selecci\u00f3n o se su solicitud se haya resuelto negativamente.<\/p>\n<p>La UTE Gesti\u00f3n Cangas, como responsable del tratamiento, se compromete a tratar y recabar los datos personales:<\/p>\n<ul>\n<li>De manera l\u00edcita, leal y transparente,<\/li>\n<li>de forma adecuada, pertinente y limitado a lo necesario,<\/li>\n<li>de forma exacta actualizada y,<\/li>\n<li>durante el tiempo necesario.<\/li>\n<\/ul>\n<p>Asimismo, la UTE Gesti\u00f3n Cangas se compromete a respetar los principios rectores de Privacidad desde el dise\u00f1o y por defecto y de responsabilidad proactiva.<\/p>\n<p>La UTE Gesti\u00f3n tratar\u00e1 los datos que nos suministre durante la navegaci\u00f3n y uso de nuestro Portal, as\u00ed como los recogidos a trav\u00e9s del formulario correspondiente, para las siguientes finalidades y con las siguientes legitimaciones:<\/p>\n<table>\n<tbody>\n<tr>\n<td width=\"283\"><strong>Finalidad<\/strong><\/td>\n<td width=\"283\"><strong>Legitimaci\u00f3n<\/strong><\/td>\n<\/tr>\n<tr>\n<td width=\"283\">Gestionar la relaci\u00f3n con los Usuarios, as\u00ed como la prestaci\u00f3n de Servicios ofrecidos a trav\u00e9s de la Web (o sobre los que el Usuario haya realizado alguna consulta\/solicitud) y, en general, la gesti\u00f3n, desarrollo y cumplimiento de la relaci\u00f3n establecida entre la UTE Gesti\u00f3n Cangas y quienes aporten sus datos personales a trav\u00e9s del Sitio Web.<\/td>\n<td rowspan=\"4\" width=\"283\">&nbsp;<\/p>\n<p>&nbsp;<\/p>\n<p>&nbsp;<\/p>\n<p>&nbsp;<\/p>\n<p>RGPD: 6.1 a) Consentimiento prestado por el Usuario.<\/p>\n<p>Podr\u00e1 revocar el consentimiento en cualquier momento escribiendo un email a\u00a0<a href=\"mailto:protecciondatos@aqualia.es\">protecciondatos@aqualia.es<\/a>\u00a0en el que especifique claramente su solicitud. Igualmente, en cada env\u00edo que reciba, se le dar\u00e1 la posibilidad de darse de baja.<\/td>\n<\/tr>\n<tr>\n<td width=\"283\">Resolver dudas y consultas.<\/td>\n<\/tr>\n<tr>\n<td width=\"283\">Enviar newsletter (en caso de ofrecerla) o cuando el Usuario haya dado su consentimiento o registrado para alg\u00fan servicio concreto. En este supuesto, en el momento de la recogida de los datos se le dar\u00e1 al Usuario la oportunidad de negarse a que sean utilizados con dicha finalidad. Adem\u00e1s, en cada env\u00edo se establecer\u00e1 la posibilidad de darse de baja.<\/td>\n<\/tr>\n<tr>\n<td width=\"283\">Atender las posibles solicitudes de empleo que se puedan recibir y gestionar el posible proceso de selecci\u00f3n.<\/td>\n<\/tr>\n<tr>\n<td width=\"283\">Remitirle a trav\u00e9s del env\u00edo de SMS la informaci\u00f3n correspondiente a los cortes de suministros programados y aver\u00edas en el servicio.<\/td>\n<td width=\"283\">RGPD: Art. 6.1 b) Tratamiento necesario para la ejecuci\u00f3n de un contrato en el que el interesado es parte.<\/td>\n<\/tr>\n<tr>\n<td width=\"283\">Ofrecerle una navegaci\u00f3n m\u00e1s personalizada y una mejor experiencia como usuario de nuestro sitio web<\/td>\n<td width=\"283\">RGPD: 6.1 f) Satisfacci\u00f3n de intereses leg\u00edtimos perseguidos por el responsable del tratamiento o por un tercero, siempre que sobre dichos intereses no prevalezcan los intereses o los derechos y libertades fundamentales del interesado que requieran la protecci\u00f3n de datos personales, en particular cuando el interesado sea un ni\u00f1o.<\/td>\n<\/tr>\n<\/tbody>\n<\/table>\n<p>&nbsp;<\/p>\n<p>Asimismo le informamos de que sus datos, s\u00f3lo en el caso de que fuera necesario, podr\u00e1n ser comunicados a las sociedades del Grupo FCC para el cumplimiento de los mismos fines informados. Son sociedades del Grupo FCC, todas aquellas sociedades o entidades que aparecen enumeradas la memoria de las cuentas anuales y apartado Directorio de Empresas publicada en la p\u00e1gina\u00a0<a href=\"http:\/\/www.fcc.es\/\">www.fcc.es<\/a>\u00a0y cuyas actividades son: i) construcci\u00f3n, ii) gesti\u00f3n integral del agua, iii) gesti\u00f3n de servicios medioambientales, iv) infraestructuras y v) gesti\u00f3n de servicios ciudadanos.<\/p>\n<p>Cuando los datos personales sean recabados a trav\u00e9s del formulario, ser\u00e1 necesario que el Usuario aporte, al menos, aquellos marcados con un asterisco, ya que, si no se suministraran estos datos considerados necesarios, la UTE Gesti\u00f3n Cangas no podr\u00e1 gestionar el servicio solicitado.<\/p>\n<p>Adem\u00e1s, con la entrega de los datos y\/o con la cumplimentaci\u00f3n de el\/los formulario\/s, el Usuario autoriza a que la UTE Gesti\u00f3n Cangas utilice la direcci\u00f3n de correo o tel\u00e9fono como medio de comunicaci\u00f3n y garantiza que los datos aportados son verdaderos, exactos, completos y actualizados, consintiendo expresamente el uso, tratamiento y comunicaci\u00f3n de los mismos para las finalidades informadas.<\/p>\n<p>En caso de ser facilitados datos de terceras personas, la persona que los ha facilitado garantiza haber informado a las mismas de los t\u00e9rminos recogidos en el presente apartado.<\/p>\n<p>Puede revocar el consentimiento prestado, as\u00ed como ejercer los derechos de acceso, rectificaci\u00f3n, supresi\u00f3n, oposici\u00f3n o cualquiera de los derechos en materia de protecci\u00f3n de datos vigentes, a trav\u00e9s de un escrito ref. \u201cProtecci\u00f3n de Datos\u201d y fotocopia del DNI al Dpto. Gesti\u00f3n de Clientes y Protecci\u00f3n de Datos, Avda. del Camino de Santiago 40, 28050 de Madrid o cursando su petici\u00f3n con los mismos requisitos a trav\u00e9s de\u00a0<a href=\"mailto:protecciondatos@aqualia.es\">protecciondatos@aqualia.es<\/a>.<\/p>\n<p>Para obtener m\u00e1s informaci\u00f3n acerca del tratamiento de sus datos personales, dir\u00edjase al apartado \u201cProtecci\u00f3n de Datos\u201d.<\/p>\n<p>De conformidad con lo establecido en la Ley 34\/2002 de 11 de julio, de Servicios de la Sociedad de la Informaci\u00f3n y del Comercio Electr\u00f3nico, en el supuesto de que el Usuario no desee recibir comunicaciones comerciales electr\u00f3nicas en el futuro o darse de baja en el sistema de newsletter al que se haya podido suscribir, podr\u00e1 manifestar tal deseo enviando un mail a la siguiente direcci\u00f3n de correo electr\u00f3nico:\u00a0<a href=\"mailto:protecciondatos@aqualia.com\">protecciondatos@aqualia.com<\/a>\u00a0(adem\u00e1s, en cada env\u00edo se establecer\u00e1 la posibilidad de que el Usuario pueda darse de baja).<\/p>\n<p>La UTE Gesti\u00f3n Cangas posee perfiles en algunas de las principales redes sociales de Internet (Facebook, Twitter, etc.), de forma que es responsable del fichero en todos esos casos de los datos de sus seguidores, fans, suscriptores, comentaristas. El tratamiento que la UTE Gesti\u00f3n Cangas pueda llevar a cabo ser\u00e1 el que la red social permita a los perfiles corporativos. La UTE Gesti\u00f3n Cangas podr\u00e1 informar a sus seguidores por cualquier v\u00eda que la red social permita sobre sus actividades, servicios, etc. En ning\u00fan caso la UTE Gesti\u00f3n Cangas extraer\u00e1 datos de las redes sociales.<\/p>\n<p>&nbsp;<\/p>\n<p><strong>RESOLUCI\u00d3N DE CONFLICTOS<\/strong><\/p>\n<p>Las presentes Condiciones de Uso del Sitio Web se rigen en todos y cada uno de sus extremos por la ley espa\u00f1ola. El idioma de redacci\u00f3n e interpretaci\u00f3n de este aviso legal es el espa\u00f1ol. Este aviso legal no se archivar\u00e1 individualmente para cada usuario sino que permanecer\u00e1 accesible por medio de Internet en este mismo Sitio Web.<\/p>\n<p>Siempre que no haya una norma que obligue a otra cosa, los usuarios de esta web acuerdan, en caso de conflicto, someterse a los Juzgados y Tribunales de Madrid capital, por ser este el lugar de celebraci\u00f3n del contrato, con renuncia expresa a cualquier otra jurisdicci\u00f3n que pudiera corresponderles.<\/p>\n<p>&nbsp;<\/p>\n","protected":false},"excerpt":{"rendered":"<p>Responsable de este sitio web Denominaci\u00f3n social: FCC AQUALIA SA Y CIVIS GLOBAL SL UTE GESTION DE CANGAS LEY 18\/1982 CIF: U-27808914 Domicilio social: CALLE PUERTO RICO, 18 &#8211; OF 7 ; 36204 Vigo (Pontevedra) Direcci\u00f3n de correo electr\u00f3nico: utegestioncangas@fcc.es Registro Mercantil de Madrid, tomo 17248, libro 0, folio 130, secci\u00f3n 8, hoja n\u00famero M-58878, [&hellip;]<\/p>\n","protected":false},"author":7,"featured_media":0,"parent":0,"menu_order":0,"comment_status":"closed","ping_status":"closed","template":"","meta":{"_acf_changed":false,"_exactmetrics_skip_tracking":false,"_exactmetrics_sitenote_active":false,"_exactmetrics_sitenote_note":"","_exactmetrics_sitenote_category":0,"iawp_total_views":43,"footnotes":""},"class_list":["post-1611","page","type-page","status-publish","hentry"],"acf":[],"yoast_head":"<!-- This site is optimized with the Yoast SEO plugin v24.5 - https:\/\/yoast.com\/wordpress\/plugins\/seo\/ -->\n<title>Aviso legal - UTE Gesti\u00f3n Cangas<\/title>\n<meta name=\"robots\" content=\"index, follow, max-snippet:-1, max-image-preview:large, max-video-preview:-1\" \/>\n<link rel=\"canonical\" href=\"https:\/\/utegestioncangas.com\/es\/avisos-legais\/\" \/>\n<meta property=\"og:locale\" content=\"es_ES\" \/>\n<meta property=\"og:type\" content=\"article\" \/>\n<meta property=\"og:title\" content=\"Aviso legal - UTE Gesti\u00f3n Cangas\" \/>\n<meta property=\"og:description\" content=\"Responsable de este sitio web Denominaci\u00f3n social: FCC AQUALIA SA Y CIVIS GLOBAL SL UTE GESTION DE CANGAS LEY 18\/1982 CIF: U-27808914 Domicilio social: CALLE PUERTO RICO, 18 &#8211; OF 7 ; 36204 Vigo (Pontevedra) Direcci\u00f3n de correo electr\u00f3nico: utegestioncangas@fcc.es Registro Mercantil de Madrid, tomo 17248, libro 0, folio 130, secci\u00f3n 8, hoja n\u00famero M-58878, [&hellip;]\" \/>\n<meta property=\"og:url\" content=\"https:\/\/utegestioncangas.com\/es\/avisos-legais\/\" \/>\n<meta property=\"og:site_name\" content=\"UTE Gesti\u00f3n Cangas\" \/>\n<meta property=\"article:modified_time\" content=\"2020-01-18T12:25:10+00:00\" \/>\n<meta name=\"twitter:card\" content=\"summary_large_image\" \/>\n<meta name=\"twitter:label1\" content=\"Tiempo de lectura\" \/>\n\t<meta name=\"twitter:data1\" content=\"8 minutos\" \/>\n<script type=\"application\/ld+json\" class=\"yoast-schema-graph\">{\"@context\":\"https:\/\/schema.org\",\"@graph\":[{\"@type\":\"WebPage\",\"@id\":\"https:\/\/utegestioncangas.com\/es\/avisos-legais\/\",\"url\":\"https:\/\/utegestioncangas.com\/es\/avisos-legais\/\",\"name\":\"Aviso legal - UTE Gesti\u00f3n Cangas\",\"isPartOf\":{\"@id\":\"https:\/\/utegestioncangas.com\/es\/#website\"},\"datePublished\":\"2019-10-18T18:24:56+00:00\",\"dateModified\":\"2020-01-18T12:25:10+00:00\",\"breadcrumb\":{\"@id\":\"https:\/\/utegestioncangas.com\/es\/avisos-legais\/#breadcrumb\"},\"inLanguage\":\"es\",\"potentialAction\":[{\"@type\":\"ReadAction\",\"target\":[\"https:\/\/utegestioncangas.com\/es\/avisos-legais\/\"]}]},{\"@type\":\"BreadcrumbList\",\"@id\":\"https:\/\/utegestioncangas.com\/es\/avisos-legais\/#breadcrumb\",\"itemListElement\":[{\"@type\":\"ListItem\",\"position\":1,\"name\":\"Portada\",\"item\":\"https:\/\/utegestioncangas.com\/es\/\"},{\"@type\":\"ListItem\",\"position\":2,\"name\":\"Aviso legal\"}]},{\"@type\":\"WebSite\",\"@id\":\"https:\/\/utegestioncangas.com\/es\/#website\",\"url\":\"https:\/\/utegestioncangas.com\/es\/\",\"name\":\"UTE Gesti\u00f3n Cangas\",\"description\":\"UTE Gesti\u00f3n Cangas\",\"publisher\":{\"@id\":\"https:\/\/utegestioncangas.com\/es\/#organization\"},\"potentialAction\":[{\"@type\":\"SearchAction\",\"target\":{\"@type\":\"EntryPoint\",\"urlTemplate\":\"https:\/\/utegestioncangas.com\/es\/?s={search_term_string}\"},\"query-input\":{\"@type\":\"PropertyValueSpecification\",\"valueRequired\":true,\"valueName\":\"search_term_string\"}}],\"inLanguage\":\"es\"},{\"@type\":\"Organization\",\"@id\":\"https:\/\/utegestioncangas.com\/es\/#organization\",\"name\":\"UTE Gesti\u00f3n Cangas\",\"url\":\"https:\/\/utegestioncangas.com\/es\/\",\"logo\":{\"@type\":\"ImageObject\",\"inLanguage\":\"es\",\"@id\":\"https:\/\/utegestioncangas.com\/es\/#\/schema\/logo\/image\/\",\"url\":\"http:\/\/utegestioncangas.com\/wp-content\/uploads\/2019\/06\/ute-retina.png\",\"contentUrl\":\"http:\/\/utegestioncangas.com\/wp-content\/uploads\/2019\/06\/ute-retina.png\",\"width\":484,\"height\":100,\"caption\":\"UTE Gesti\u00f3n Cangas\"},\"image\":{\"@id\":\"https:\/\/utegestioncangas.com\/es\/#\/schema\/logo\/image\/\"}}]}<\/script>\n<!-- \/ Yoast SEO plugin. -->","yoast_head_json":{"title":"Aviso legal - UTE Gesti\u00f3n Cangas","robots":{"index":"index","follow":"follow","max-snippet":"max-snippet:-1","max-image-preview":"max-image-preview:large","max-video-preview":"max-video-preview:-1"},"canonical":"https:\/\/utegestioncangas.com\/es\/avisos-legais\/","og_locale":"es_ES","og_type":"article","og_title":"Aviso legal - UTE Gesti\u00f3n Cangas","og_description":"Responsable de este sitio web Denominaci\u00f3n social: FCC AQUALIA SA Y CIVIS GLOBAL SL UTE GESTION DE CANGAS LEY 18\/1982 CIF: U-27808914 Domicilio social: CALLE PUERTO RICO, 18 &#8211; OF 7 ; 36204 Vigo (Pontevedra) Direcci\u00f3n de correo electr\u00f3nico: utegestioncangas@fcc.es Registro Mercantil de Madrid, tomo 17248, libro 0, folio 130, secci\u00f3n 8, hoja n\u00famero M-58878, [&hellip;]","og_url":"https:\/\/utegestioncangas.com\/es\/avisos-legais\/","og_site_name":"UTE Gesti\u00f3n Cangas","article_modified_time":"2020-01-18T12:25:10+00:00","twitter_card":"summary_large_image","twitter_misc":{"Tiempo de lectura":"8 minutos"},"schema":{"@context":"https:\/\/schema.org","@graph":[{"@type":"WebPage","@id":"https:\/\/utegestioncangas.com\/es\/avisos-legais\/","url":"https:\/\/utegestioncangas.com\/es\/avisos-legais\/","name":"Aviso legal - UTE Gesti\u00f3n Cangas","isPartOf":{"@id":"https:\/\/utegestioncangas.com\/es\/#website"},"datePublished":"2019-10-18T18:24:56+00:00","dateModified":"2020-01-18T12:25:10+00:00","breadcrumb":{"@id":"https:\/\/utegestioncangas.com\/es\/avisos-legais\/#breadcrumb"},"inLanguage":"es","potentialAction":[{"@type":"ReadAction","target":["https:\/\/utegestioncangas.com\/es\/avisos-legais\/"]}]},{"@type":"BreadcrumbList","@id":"https:\/\/utegestioncangas.com\/es\/avisos-legais\/#breadcrumb","itemListElement":[{"@type":"ListItem","position":1,"name":"Portada","item":"https:\/\/utegestioncangas.com\/es\/"},{"@type":"ListItem","position":2,"name":"Aviso legal"}]},{"@type":"WebSite","@id":"https:\/\/utegestioncangas.com\/es\/#website","url":"https:\/\/utegestioncangas.com\/es\/","name":"UTE Gesti\u00f3n Cangas","description":"UTE Gesti\u00f3n Cangas","publisher":{"@id":"https:\/\/utegestioncangas.com\/es\/#organization"},"potentialAction":[{"@type":"SearchAction","target":{"@type":"EntryPoint","urlTemplate":"https:\/\/utegestioncangas.com\/es\/?s={search_term_string}"},"query-input":{"@type":"PropertyValueSpecification","valueRequired":true,"valueName":"search_term_string"}}],"inLanguage":"es"},{"@type":"Organization","@id":"https:\/\/utegestioncangas.com\/es\/#organization","name":"UTE Gesti\u00f3n Cangas","url":"https:\/\/utegestioncangas.com\/es\/","logo":{"@type":"ImageObject","inLanguage":"es","@id":"https:\/\/utegestioncangas.com\/es\/#\/schema\/logo\/image\/","url":"http:\/\/utegestioncangas.com\/wp-content\/uploads\/2019\/06\/ute-retina.png","contentUrl":"http:\/\/utegestioncangas.com\/wp-content\/uploads\/2019\/06\/ute-retina.png","width":484,"height":100,"caption":"UTE Gesti\u00f3n Cangas"},"image":{"@id":"https:\/\/utegestioncangas.com\/es\/#\/schema\/logo\/image\/"}}]}},"_links":{"self":[{"href":"https:\/\/utegestioncangas.com\/es\/wp-json\/wp\/v2\/pages\/1611","targetHints":{"allow":["GET"]}}],"collection":[{"href":"https:\/\/utegestioncangas.com\/es\/wp-json\/wp\/v2\/pages"}],"about":[{"href":"https:\/\/utegestioncangas.com\/es\/wp-json\/wp\/v2\/types\/page"}],"author":[{"embeddable":true,"href":"https:\/\/utegestioncangas.com\/es\/wp-json\/wp\/v2\/users\/7"}],"replies":[{"embeddable":true,"href":"https:\/\/utegestioncangas.com\/es\/wp-json\/wp\/v2\/comments?post=1611"}],"version-history":[{"count":0,"href":"https:\/\/utegestioncangas.com\/es\/wp-json\/wp\/v2\/pages\/1611\/revisions"}],"wp:attachment":[{"href":"https:\/\/utegestioncangas.com\/es\/wp-json\/wp\/v2\/media?parent=1611"}],"curies":[{"name":"wp","href":"https:\/\/api.w.org\/{rel}","templated":true}]}}